{"id":16,"date":"2019-12-13T08:23:28","date_gmt":"2019-12-13T08:23:28","guid":{"rendered":"https:\/\/genlyptus.com\/?page_id=16"},"modified":"2022-10-10T21:54:00","modified_gmt":"2022-10-10T21:54:00","slug":"gallery","status":"publish","type":"page","link":"https:\/\/genlyptus.com\/index.php\/gallery\/","title":{"rendered":"Gallery"},"content":{"rendered":"<p><div class=\"fusion-fullwidth fullwidth-box fusion-builder-row-1 fusion-flex-container fusion-parallax-none nonhundred-percent-fullwidth non-hundred-percent-height-scrolling lazyload\" style=\"--awb-border-radius-top-left:0px;--awb-border-radius-top-right:0px;--awb-border-radius-bottom-right:0px;--awb-border-radius-bottom-left:0px;--awb-padding-top:30%;--awb-background-size:cover;--awb-flex-wrap:wrap;\" data-bg=\"https:\/\/genlyptus.com\/wp-content\/uploads\/2022\/04\/074A2435-e1649202116514.jpg\" ><div class=\"fusion-builder-row fusion-row fusion-flex-align-items-flex-start fusion-flex-content-wrap\" style=\"max-width:1144px;margin-left: calc(-4% \/ 2 );margin-right: calc(-4% \/ 2 );\"><div class=\"fusion-layout-column fusion_builder_column fusion-builder-column-0 fusion_builder_column_1_1 1_1 fusion-flex-column fusion-animated\" style=\"--awb-bg-size:cover;--awb-width-large:100%;--awb-margin-top-large:0px;--awb-spacing-right-large:1.92%;--awb-margin-bottom-large:0px;--awb-spacing-left-large:1.92%;--awb-width-medium:100%;--awb-spacing-right-medium:1.92%;--awb-spacing-left-medium:1.92%;--awb-width-small:100%;--awb-spacing-right-small:1.92%;--awb-spacing-left-small:1.92%;\" data-animationType=\"fadeInDown\" data-animationDuration=\"1.0\" data-animationOffset=\"top-into-view\"><div class=\"fusion-column-wrapper fusion-column-has-shadow fusion-flex-justify-content-flex-start fusion-content-layout-column\"><\/div><\/div><\/div><\/div><div class=\"fusion-fullwidth fullwidth-box fusion-builder-row-2 fusion-flex-container nonhundred-percent-fullwidth non-hundred-percent-height-scrolling\" style=\"--awb-background-position:center bottom;--awb-border-radius-top-left:0px;--awb-border-radius-top-right:0px;--awb-border-radius-bottom-right:0px;--awb-border-radius-bottom-left:0px;--awb-padding-top:8%;--awb-padding-bottom:8%;--awb-flex-wrap:wrap;\" ><div class=\"fusion-builder-row fusion-row fusion-flex-align-items-flex-start fusion-flex-content-wrap\" style=\"max-width:1144px;margin-left: calc(-4% \/ 2 );margin-right: calc(-4% \/ 2 );\"><div class=\"fusion-layout-column fusion_builder_column fusion-builder-column-1 fusion_builder_column_1_1 1_1 fusion-flex-column fusion-animated\" style=\"--awb-bg-size:cover;--awb-width-large:100%;--awb-margin-top-large:0px;--awb-spacing-right-large:1.92%;--awb-margin-bottom-large:60px;--awb-spacing-left-large:1.92%;--awb-width-medium:100%;--awb-spacing-right-medium:1.92%;--awb-spacing-left-medium:1.92%;--awb-width-small:100%;--awb-spacing-right-small:1.92%;--awb-spacing-left-small:1.92%;\" data-animationType=\"fadeInDown\" data-animationDuration=\"1.0\" data-animationOffset=\"top-into-view\"><div class=\"fusion-column-wrapper fusion-column-has-shadow fusion-flex-justify-content-flex-start fusion-content-layout-column\"><div class=\"fusion-title title fusion-title-1 fusion-sep-none fusion-title-center fusion-title-text fusion-title-size-two\"><h2 class=\"fusion-title-heading title-heading-center fusion-responsive-typography-calculated\" style=\"margin:0;--fontSize:60;line-height:1.5;\">Galer\u00eda Genlyptus<\/h2><\/div><div class=\"fusion-text fusion-text-1\"><p style=\"text-align: center;\">Gracias a nuestra alianza con la Universidad Federal de Vi\u00e7osa, y su \u00f3rgano operativo Forestal, la Sociedade de Investiga\u00e7\u00f5es Florestais &#8211; SIF es posible para Genlyptus tener todo el respaldo t\u00e9cnico y cient\u00edfico para emprender proyectos forestales en Colombia con alta capacidad t\u00e9cnica y cient\u00edfica, garantizando as\u00ed el \u00e9xito en los emprendimientos y las operaciones del sector forestal.<\/p>\n<\/div><\/div><\/div><div class=\"fusion-layout-column fusion_builder_column fusion-builder-column-2 fusion_builder_column_1_1 1_1 fusion-flex-column fusion-animated\" style=\"--awb-bg-size:cover;--awb-width-large:100%;--awb-margin-top-large:0px;--awb-spacing-right-large:1.92%;--awb-margin-bottom-large:0px;--awb-spacing-left-large:1.92%;--awb-width-medium:100%;--awb-spacing-right-medium:1.92%;--awb-spacing-left-medium:1.92%;--awb-width-small:100%;--awb-spacing-right-small:1.92%;--awb-spacing-left-small:1.92%;\" data-animationType=\"fadeInUp\" data-animationDuration=\"1.0\" data-animationOffset=\"top-into-view\"><div class=\"fusion-column-wrapper fusion-column-has-shadow fusion-flex-justify-content-flex-start fusion-content-layout-column\"><div class=\"awb-gallery-wrapper awb-gallery-wrapper-1 button-span-no\"><div style=\"margin:-5px;--awb-bordersize:0px;\" class=\"fusion-gallery fusion-gallery-container fusion-grid-4 fusion-columns-total-10 fusion-gallery-layout-masonry fusion-gallery-1\"><div class=\"fusion-grid-column fusion-gallery-column fusion-gallery-column-4 fusion-grid-sizer\"><\/div><div style=\"padding:5px;\" class=\"fusion-grid-column fusion-gallery-column fusion-gallery-column-4 fusion-element-grid\"><div class=\"fusion-gallery-image fusion-gallery-image-liftup\"><a href=\"https:\/\/genlyptus.com\/wp-content\/uploads\/2022\/10\/copy-gallery.jpg\" rel=\"noreferrer\" data-rel=\"iLightbox[gallery_image_1]\" class=\"fusion-lightbox\" target=\"_self\"><div style=\"padding-top:calc((100% + 10px) * 0.8 - 5px);background-position:;\" class=\"fusion-masonry-element-container lazyload\" data-bg=\"https:\/\/genlyptus.com\/wp-content\/uploads\/2022\/10\/copy-gallery.jpg\"><img decoding=\"async\" src=\"https:\/\/genlyptus.com\/wp-content\/uploads\/2022\/10\/copy-gallery.jpg\" data-orig-src=\"https:\/\/genlyptus.com\/wp-content\/uploads\/2022\/10\/copy-gallery.jpg\" width=\"627\" height=\"418\" alt=\"\" title=\"copy gallery\" aria-label=\"copy gallery\" class=\"lazyload img-responsive wp-image-1079\" srcset=\"data:image\/svg+xml,%3Csvg%20xmlns%3D%27http%3A%2F%2Fwww.w3.org%2F2000%2Fsvg%27%20width%3D%27627%27%20height%3D%27418%27%20viewBox%3D%270%200%20627%20418%27%3E%3Crect%20width%3D%27627%27%20height%3D%27418%27%20fill-opacity%3D%220%22%2F%3E%3C%2Fsvg%3E\" data-srcset=\"https:\/\/genlyptus.com\/wp-content\/uploads\/2022\/10\/copy-gallery-200x133.jpg 200w, https:\/\/genlyptus.com\/wp-content\/uploads\/2022\/10\/copy-gallery-400x267.jpg 400w, https:\/\/genlyptus.com\/wp-content\/uploads\/2022\/10\/copy-gallery-600x400.jpg 600w, https:\/\/genlyptus.com\/wp-content\/uploads\/2022\/10\/copy-gallery.jpg 627w\" data-sizes=\"auto\" data-orig-sizes=\"(min-width: 2200px) 100vw, (min-width: 856px) 271px, (min-width: 784px) 362px, (min-width: 712px) 543px, (min-width: 640px) 712px, \" \/><\/div><\/a><\/div><\/div><div style=\"padding:5px;\" class=\"fusion-grid-column fusion-gallery-column fusion-gallery-column-4 fusion-element-grid\"><div class=\"fusion-gallery-image fusion-gallery-image-liftup\"><a href=\"https:\/\/genlyptus.com\/wp-content\/uploads\/2022\/10\/copy-gallery-4-.jpg\" rel=\"noreferrer\" data-rel=\"iLightbox[gallery_image_1]\" class=\"fusion-lightbox\" target=\"_self\"><div style=\"padding-top:calc((100% + 10px) * 0.8 - 5px);background-position:;\" class=\"fusion-masonry-element-container lazyload\" data-bg=\"https:\/\/genlyptus.com\/wp-content\/uploads\/2022\/10\/copy-gallery-4-.jpg\"><img decoding=\"async\" src=\"https:\/\/genlyptus.com\/wp-content\/uploads\/2022\/10\/copy-gallery-4-.jpg\" data-orig-src=\"https:\/\/genlyptus.com\/wp-content\/uploads\/2022\/10\/copy-gallery-4-.jpg\" width=\"591\" height=\"443\" alt=\"\" title=\"copy gallery 4\" aria-label=\"copy gallery 4\" class=\"lazyload img-responsive wp-image-1078\" srcset=\"data:image\/svg+xml,%3Csvg%20xmlns%3D%27http%3A%2F%2Fwww.w3.org%2F2000%2Fsvg%27%20width%3D%27591%27%20height%3D%27443%27%20viewBox%3D%270%200%20591%20443%27%3E%3Crect%20width%3D%27591%27%20height%3D%27443%27%20fill-opacity%3D%220%22%2F%3E%3C%2Fsvg%3E\" data-srcset=\"https:\/\/genlyptus.com\/wp-content\/uploads\/2022\/10\/copy-gallery-4--200x150.jpg 200w, https:\/\/genlyptus.com\/wp-content\/uploads\/2022\/10\/copy-gallery-4--400x300.jpg 400w, https:\/\/genlyptus.com\/wp-content\/uploads\/2022\/10\/copy-gallery-4-.jpg 591w\" data-sizes=\"auto\" data-orig-sizes=\"(min-width: 2200px) 100vw, (min-width: 856px) 271px, (min-width: 784px) 362px, (min-width: 712px) 543px, (min-width: 640px) 712px, \" \/><\/div><\/a><\/div><\/div><div style=\"padding:5px;\" class=\"fusion-grid-column fusion-gallery-column fusion-gallery-column-4 fusion-element-landscape\"><div class=\"fusion-gallery-image fusion-gallery-image-liftup\"><a href=\"https:\/\/genlyptus.com\/wp-content\/uploads\/2022\/10\/copy-gallery-3-.jpg\" rel=\"noreferrer\" data-rel=\"iLightbox[gallery_image_1]\" class=\"fusion-lightbox\" target=\"_self\"><div style=\"padding-top:calc((100% + 10px) * 0.4 - 5px);background-position:;\" class=\"fusion-masonry-element-container lazyload\" data-bg=\"https:\/\/genlyptus.com\/wp-content\/uploads\/2022\/10\/copy-gallery-3-.jpg\"><img decoding=\"async\" src=\"https:\/\/genlyptus.com\/wp-content\/uploads\/2022\/10\/copy-gallery-3-.jpg\" data-orig-src=\"https:\/\/genlyptus.com\/wp-content\/uploads\/2022\/10\/copy-gallery-3-.jpg\" width=\"627\" height=\"417\" alt=\"\" title=\"copy gallery 3\" aria-label=\"copy gallery 3\" class=\"lazyload img-responsive wp-image-1077\" srcset=\"data:image\/svg+xml,%3Csvg%20xmlns%3D%27http%3A%2F%2Fwww.w3.org%2F2000%2Fsvg%27%20width%3D%27627%27%20height%3D%27417%27%20viewBox%3D%270%200%20627%20417%27%3E%3Crect%20width%3D%27627%27%20height%3D%27417%27%20fill-opacity%3D%220%22%2F%3E%3C%2Fsvg%3E\" data-srcset=\"https:\/\/genlyptus.com\/wp-content\/uploads\/2022\/10\/copy-gallery-3--200x133.jpg 200w, https:\/\/genlyptus.com\/wp-content\/uploads\/2022\/10\/copy-gallery-3--400x266.jpg 400w, https:\/\/genlyptus.com\/wp-content\/uploads\/2022\/10\/copy-gallery-3--600x399.jpg 600w, https:\/\/genlyptus.com\/wp-content\/uploads\/2022\/10\/copy-gallery-3-.jpg 627w\" data-sizes=\"auto\" data-orig-sizes=\"(min-width: 2200px) 100vw, (min-width: 712px) 548px, (min-width: 640px) 712px, \" \/><\/div><\/a><\/div><\/div><div style=\"padding:5px;\" class=\"fusion-grid-column fusion-gallery-column fusion-gallery-column-4 fusion-element-grid\"><div class=\"fusion-gallery-image fusion-gallery-image-liftup\"><a href=\"https:\/\/genlyptus.com\/wp-content\/uploads\/2022\/10\/074A2431copy2.jpg\" rel=\"noreferrer\" data-rel=\"iLightbox[gallery_image_1]\" class=\"fusion-lightbox\" target=\"_self\"><div style=\"padding-top:calc((100% + 10px) * 0.8 - 5px);background-position:;\" class=\"fusion-masonry-element-container lazyload\" data-bg=\"https:\/\/genlyptus.com\/wp-content\/uploads\/2022\/10\/074A2431copy2.jpg\"><img decoding=\"async\" src=\"https:\/\/genlyptus.com\/wp-content\/uploads\/2022\/10\/074A2431copy2.jpg\" data-orig-src=\"https:\/\/genlyptus.com\/wp-content\/uploads\/2022\/10\/074A2431copy2.jpg\" width=\"627\" height=\"418\" alt=\"\" title=\"074A2431copy2\" aria-label=\"074A2431copy2\" class=\"lazyload img-responsive wp-image-1075\" srcset=\"data:image\/svg+xml,%3Csvg%20xmlns%3D%27http%3A%2F%2Fwww.w3.org%2F2000%2Fsvg%27%20width%3D%27627%27%20height%3D%27418%27%20viewBox%3D%270%200%20627%20418%27%3E%3Crect%20width%3D%27627%27%20height%3D%27418%27%20fill-opacity%3D%220%22%2F%3E%3C%2Fsvg%3E\" data-srcset=\"https:\/\/genlyptus.com\/wp-content\/uploads\/2022\/10\/074A2431copy2-200x133.jpg 200w, https:\/\/genlyptus.com\/wp-content\/uploads\/2022\/10\/074A2431copy2-400x267.jpg 400w, https:\/\/genlyptus.com\/wp-content\/uploads\/2022\/10\/074A2431copy2-600x400.jpg 600w, https:\/\/genlyptus.com\/wp-content\/uploads\/2022\/10\/074A2431copy2.jpg 627w\" data-sizes=\"auto\" data-orig-sizes=\"(min-width: 2200px) 100vw, (min-width: 856px) 271px, (min-width: 784px) 362px, (min-width: 712px) 543px, (min-width: 640px) 712px, \" \/><\/div><\/a><\/div><\/div><div style=\"padding:5px;\" class=\"fusion-grid-column fusion-gallery-column fusion-gallery-column-4 fusion-element-portrait\"><div class=\"fusion-gallery-image fusion-gallery-image-liftup\"><a href=\"https:\/\/genlyptus.com\/wp-content\/uploads\/2022\/10\/074A2440.jpg\" rel=\"noreferrer\" data-rel=\"iLightbox[gallery_image_1]\" class=\"fusion-lightbox\" target=\"_self\"><div style=\"padding-top:calc((100% + 10px) * 1.6);background-position:;\" class=\"fusion-masonry-element-container lazyload\" data-bg=\"https:\/\/genlyptus.com\/wp-content\/uploads\/2022\/10\/074A2440.jpg\"><img decoding=\"async\" src=\"https:\/\/genlyptus.com\/wp-content\/uploads\/2022\/10\/074A2440.jpg\" data-orig-src=\"https:\/\/genlyptus.com\/wp-content\/uploads\/2022\/10\/074A2440.jpg\" width=\"550\" height=\"843\" alt=\"\" title=\"074A2440\" aria-label=\"074A2440\" class=\"lazyload img-responsive wp-image-1067\" srcset=\"data:image\/svg+xml,%3Csvg%20xmlns%3D%27http%3A%2F%2Fwww.w3.org%2F2000%2Fsvg%27%20width%3D%27550%27%20height%3D%27843%27%20viewBox%3D%270%200%20550%20843%27%3E%3Crect%20width%3D%27550%27%20height%3D%27843%27%20fill-opacity%3D%220%22%2F%3E%3C%2Fsvg%3E\" data-srcset=\"https:\/\/genlyptus.com\/wp-content\/uploads\/2022\/10\/074A2440-200x307.jpg 200w, https:\/\/genlyptus.com\/wp-content\/uploads\/2022\/10\/074A2440-400x613.jpg 400w, https:\/\/genlyptus.com\/wp-content\/uploads\/2022\/10\/074A2440.jpg 550w\" data-sizes=\"auto\" data-orig-sizes=\"(min-width: 2200px) 100vw, (min-width: 856px) 271px, (min-width: 784px) 362px, (min-width: 712px) 543px, (min-width: 640px) 712px, \" \/><\/div><\/a><\/div><\/div><div style=\"padding:5px;\" class=\"fusion-grid-column fusion-gallery-column fusion-gallery-column-4 fusion-element-grid\"><div class=\"fusion-gallery-image fusion-gallery-image-liftup\"><a href=\"https:\/\/genlyptus.com\/wp-content\/uploads\/2022\/10\/074A2439-rotated.jpg\" rel=\"noreferrer\" data-rel=\"iLightbox[gallery_image_1]\" class=\"fusion-lightbox\" target=\"_self\"><div style=\"padding-top:calc((100% + 10px) * 0.8 - 5px);background-position:;\" class=\"fusion-masonry-element-container lazyload\" data-bg=\"https:\/\/genlyptus.com\/wp-content\/uploads\/2022\/10\/074A2439-rotated.jpg\"><img decoding=\"async\" src=\"https:\/\/genlyptus.com\/wp-content\/uploads\/2022\/10\/074A2439-rotated.jpg\" data-orig-src=\"https:\/\/genlyptus.com\/wp-content\/uploads\/2022\/10\/074A2439-rotated.jpg\" width=\"562\" height=\"843\" alt=\"\" title=\"074A2439\" aria-label=\"074A2439\" class=\"lazyload img-responsive wp-image-1073\" srcset=\"data:image\/svg+xml,%3Csvg%20xmlns%3D%27http%3A%2F%2Fwww.w3.org%2F2000%2Fsvg%27%20width%3D%27562%27%20height%3D%27843%27%20viewBox%3D%270%200%20562%20843%27%3E%3Crect%20width%3D%27562%27%20height%3D%27843%27%20fill-opacity%3D%220%22%2F%3E%3C%2Fsvg%3E\" data-srcset=\"https:\/\/genlyptus.com\/wp-content\/uploads\/2022\/10\/074A2439-200x300.jpg 200w, https:\/\/genlyptus.com\/wp-content\/uploads\/2022\/10\/074A2439-400x600.jpg 400w, https:\/\/genlyptus.com\/wp-content\/uploads\/2022\/10\/074A2439-rotated.jpg 562w\" data-sizes=\"auto\" data-orig-sizes=\"(min-width: 2200px) 100vw, (min-width: 856px) 271px, (min-width: 784px) 362px, (min-width: 712px) 543px, (min-width: 640px) 712px, \" \/><\/div><\/a><\/div><\/div><div style=\"padding:5px;\" class=\"fusion-grid-column fusion-gallery-column fusion-gallery-column-4 fusion-element-portrait\"><div class=\"fusion-gallery-image fusion-gallery-image-liftup\"><a href=\"https:\/\/genlyptus.com\/wp-content\/uploads\/2022\/10\/IMG_8601copy2-e1665436105212.jpg\" rel=\"noreferrer\" data-rel=\"iLightbox[gallery_image_1]\" class=\"fusion-lightbox\" target=\"_self\"><div style=\"padding-top:calc((100% + 10px) * 1.6);background-position:;\" class=\"fusion-masonry-element-container lazyload\" data-bg=\"https:\/\/genlyptus.com\/wp-content\/uploads\/2022\/10\/IMG_8601copy2-e1665436105212.jpg\"><img decoding=\"async\" src=\"https:\/\/genlyptus.com\/wp-content\/uploads\/2022\/10\/IMG_8601copy2-e1665436105212.jpg\" data-orig-src=\"https:\/\/genlyptus.com\/wp-content\/uploads\/2022\/10\/IMG_8601copy2-e1665436105212.jpg\" width=\"550\" height=\"843\" alt=\"\" title=\"IMG_8601copy2\" aria-label=\"IMG_8601copy2\" class=\"lazyload img-responsive wp-image-1062\" srcset=\"data:image\/svg+xml,%3Csvg%20xmlns%3D%27http%3A%2F%2Fwww.w3.org%2F2000%2Fsvg%27%20width%3D%27550%27%20height%3D%27843%27%20viewBox%3D%270%200%20550%20843%27%3E%3Crect%20width%3D%27550%27%20height%3D%27843%27%20fill-opacity%3D%220%22%2F%3E%3C%2Fsvg%3E\" data-srcset=\"https:\/\/genlyptus.com\/wp-content\/uploads\/2022\/10\/IMG_8601copy2-e1665436105212-200x307.jpg 200w, https:\/\/genlyptus.com\/wp-content\/uploads\/2022\/10\/IMG_8601copy2-e1665436105212-400x613.jpg 400w, https:\/\/genlyptus.com\/wp-content\/uploads\/2022\/10\/IMG_8601copy2-e1665436105212.jpg 550w\" data-sizes=\"auto\" data-orig-sizes=\"(min-width: 2200px) 100vw, (min-width: 856px) 271px, (min-width: 784px) 362px, (min-width: 712px) 543px, (min-width: 640px) 712px, \" \/><\/div><\/a><\/div><\/div><div style=\"padding:5px;\" class=\"fusion-grid-column fusion-gallery-column fusion-gallery-column-4 fusion-element-portrait\"><div class=\"fusion-gallery-image fusion-gallery-image-liftup\"><a href=\"https:\/\/genlyptus.com\/wp-content\/uploads\/2022\/03\/074A2449-e1648572509937.jpg\" rel=\"noreferrer\" data-rel=\"iLightbox[gallery_image_1]\" class=\"fusion-lightbox\" target=\"_self\"><div style=\"padding-top:calc((100% + 10px) * 1.6);background-position:;\" class=\"fusion-masonry-element-container lazyload\" data-bg=\"https:\/\/genlyptus.com\/wp-content\/uploads\/2022\/03\/074A2449-e1648572509937.jpg\"><img decoding=\"async\" src=\"data:image\/svg+xml,%3Csvg%20xmlns%3D%27http%3A%2F%2Fwww.w3.org%2F2000%2Fsvg%27%20width%3D%27657%27%20height%3D%27986%27%20viewBox%3D%270%200%20657%20986%27%3E%3Crect%20width%3D%27657%27%20height%3D%27986%27%20fill-opacity%3D%220%22%2F%3E%3C%2Fsvg%3E\" data-orig-src=\"https:\/\/genlyptus.com\/wp-content\/uploads\/2022\/03\/074A2449-e1648572509937.jpg\" width=\"657\" height=\"986\" alt=\"\" title=\"074A2449\" aria-label=\"074A2449\" class=\"lazyload img-responsive wp-image-937\"  \/><\/div><\/a><\/div><\/div><div style=\"padding:5px;\" class=\"fusion-grid-column fusion-gallery-column fusion-gallery-column-4 fusion-element-grid\"><div class=\"fusion-gallery-image fusion-gallery-image-liftup\"><a href=\"https:\/\/genlyptus.com\/wp-content\/uploads\/2022\/10\/074A2464-rotated.jpg\" rel=\"noreferrer\" data-rel=\"iLightbox[gallery_image_1]\" class=\"fusion-lightbox\" target=\"_self\"><div style=\"padding-top:calc((100% + 10px) * 0.8 - 5px);background-position:;\" class=\"fusion-masonry-element-container lazyload\" data-bg=\"https:\/\/genlyptus.com\/wp-content\/uploads\/2022\/10\/074A2464-rotated.jpg\"><img decoding=\"async\" src=\"https:\/\/genlyptus.com\/wp-content\/uploads\/2022\/10\/074A2464-rotated.jpg\" data-orig-src=\"https:\/\/genlyptus.com\/wp-content\/uploads\/2022\/10\/074A2464-rotated.jpg\" width=\"562\" height=\"843\" alt=\"\" title=\"074A2464\" aria-label=\"074A2464\" class=\"lazyload img-responsive wp-image-1072\" srcset=\"data:image\/svg+xml,%3Csvg%20xmlns%3D%27http%3A%2F%2Fwww.w3.org%2F2000%2Fsvg%27%20width%3D%27562%27%20height%3D%27843%27%20viewBox%3D%270%200%20562%20843%27%3E%3Crect%20width%3D%27562%27%20height%3D%27843%27%20fill-opacity%3D%220%22%2F%3E%3C%2Fsvg%3E\" data-srcset=\"https:\/\/genlyptus.com\/wp-content\/uploads\/2022\/10\/074A2464-200x300.jpg 200w, https:\/\/genlyptus.com\/wp-content\/uploads\/2022\/10\/074A2464-400x600.jpg 400w, https:\/\/genlyptus.com\/wp-content\/uploads\/2022\/10\/074A2464-rotated.jpg 562w\" data-sizes=\"auto\" data-orig-sizes=\"(min-width: 2200px) 100vw, (min-width: 856px) 271px, (min-width: 784px) 362px, (min-width: 712px) 543px, (min-width: 640px) 712px, \" \/><\/div><\/a><\/div><\/div><div style=\"padding:5px;\" class=\"fusion-grid-column fusion-gallery-column fusion-gallery-column-4 fusion-element-grid\"><div class=\"fusion-gallery-image fusion-gallery-image-liftup\"><a href=\"https:\/\/genlyptus.com\/wp-content\/uploads\/2022\/10\/IMG_2019-rotated.jpg\" rel=\"noreferrer\" data-rel=\"iLightbox[gallery_image_1]\" class=\"fusion-lightbox\" target=\"_self\"><div style=\"padding-top:calc((100% + 10px) * 0.8 - 5px);background-position:;\" class=\"fusion-masonry-element-container lazyload\" data-bg=\"https:\/\/genlyptus.com\/wp-content\/uploads\/2022\/10\/IMG_2019-rotated.jpg\"><img decoding=\"async\" src=\"https:\/\/genlyptus.com\/wp-content\/uploads\/2022\/10\/IMG_2019-rotated.jpg\" data-orig-src=\"https:\/\/genlyptus.com\/wp-content\/uploads\/2022\/10\/IMG_2019-rotated.jpg\" width=\"562\" height=\"843\" alt=\"\" title=\"IMG_2019\" aria-label=\"IMG_2019\" class=\"lazyload img-responsive wp-image-1070\" srcset=\"data:image\/svg+xml,%3Csvg%20xmlns%3D%27http%3A%2F%2Fwww.w3.org%2F2000%2Fsvg%27%20width%3D%27562%27%20height%3D%27843%27%20viewBox%3D%270%200%20562%20843%27%3E%3Crect%20width%3D%27562%27%20height%3D%27843%27%20fill-opacity%3D%220%22%2F%3E%3C%2Fsvg%3E\" data-srcset=\"https:\/\/genlyptus.com\/wp-content\/uploads\/2022\/10\/IMG_2019-200x300.jpg 200w, https:\/\/genlyptus.com\/wp-content\/uploads\/2022\/10\/IMG_2019-400x600.jpg 400w, https:\/\/genlyptus.com\/wp-content\/uploads\/2022\/10\/IMG_2019-rotated.jpg 562w\" data-sizes=\"auto\" data-orig-sizes=\"(min-width: 2200px) 100vw, (min-width: 856px) 271px, (min-width: 784px) 362px, (min-width: 712px) 543px, (min-width: 640px) 712px, \" \/><\/div><\/a><\/div><\/div><\/div><\/div><\/div><\/div><\/div><\/div><div class=\"fusion-fullwidth fullwidth-box fusion-builder-row-3 fusion-flex-container fusion-parallax-none nonhundred-percent-fullwidth non-hundred-percent-height-scrolling lazyload\" style=\"--awb-border-radius-top-left:0px;--awb-border-radius-top-right:0px;--awb-border-radius-bottom-right:0px;--awb-border-radius-bottom-left:0px;--awb-padding-top:90px;--awb-padding-bottom:90px;--awb-background-image:linear-gradient(0deg, var(--awb-color8) 0%,rgba(255,255,255,0) 100%);;--awb-background-size:cover;--awb-flex-wrap:wrap;\" data-bg=\"https:\/\/genlyptus.com\/wp-content\/uploads\/2022\/03\/forest-2179318-scaled-e1646933761353.jpg\" data-bg-gradient=\"linear-gradient(0deg, var(--awb-color8) 0%,rgba(255,255,255,0) 100%)\" ><div class=\"fusion-builder-row fusion-row fusion-flex-align-items-stretch fusion-flex-content-wrap\" style=\"max-width:1144px;margin-left: calc(-4% \/ 2 );margin-right: calc(-4% \/ 2 );\"><div class=\"fusion-layout-column fusion_builder_column fusion-builder-column-3 fusion_builder_column_1_2 1_2 fusion-flex-column\" style=\"--awb-bg-size:cover;--awb-width-large:50%;--awb-margin-top-large:0px;--awb-spacing-right-large:3.84%;--awb-margin-bottom-large:0px;--awb-spacing-left-large:3.84%;--awb-width-medium:100%;--awb-spacing-right-medium:1.92%;--awb-spacing-left-medium:1.92%;--awb-width-small:100%;--awb-spacing-right-small:1.92%;--awb-spacing-left-small:1.92%;\"><div class=\"fusion-column-wrapper fusion-column-has-shadow fusion-flex-justify-content-flex-start fusion-content-layout-column\"><div class=\"fusion-title title fusion-title-2 fusion-sep-none fusion-title-text fusion-title-size-two\" style=\"--awb-text-color:var(--awb-color1);\"><h2 class=\"fusion-title-heading title-heading-left fusion-responsive-typography-calculated\" style=\"margin:0;--fontSize:60;line-height:1.5;\">Empieza tu proyecto<\/h2><\/div><div class=\"fusion-text fusion-text-2\" style=\"--awb-text-transform:none;\"><p><span style=\"color: var(--awb-color1);\">texto Ejemplo<br \/>\n<\/span><\/p>\n<\/div><\/div><\/div><div class=\"fusion-layout-column fusion_builder_column fusion-builder-column-4 fusion_builder_column_1_2 1_2 fusion-flex-column\" style=\"--awb-bg-size:cover;--awb-width-large:50%;--awb-margin-top-large:0px;--awb-spacing-right-large:3.84%;--awb-margin-bottom-large:0px;--awb-spacing-left-large:3.84%;--awb-width-medium:100%;--awb-spacing-right-medium:1.92%;--awb-spacing-left-medium:1.92%;--awb-width-small:100%;--awb-spacing-right-small:1.92%;--awb-spacing-left-small:1.92%;\"><div class=\"fusion-column-wrapper fusion-column-has-shadow fusion-flex-justify-content-center fusion-content-layout-column\"><div style=\"text-align:left;\"><a class=\"fusion-button button-flat button-xlarge button-custom fusion-button-default button-1 fusion-button-default-span fusion-button-default-type fusion-no-large-visibility\" style=\"--button_accent_color:var(--awb-color8);--button_border_color:var(--awb-color8);--button_accent_hover_color:var(--awb-color8);--button_border_hover_color:var(--awb-color8);--button_gradient_top_color:var(--awb-color4);--button_gradient_bottom_color:var(--awb-color4);--button_gradient_top_color_hover:var(--awb-color4);--button_gradient_bottom_color_hover:var(--awb-color4);\" target=\"_self\" href=\"https:\/\/genlyptus.com\/get-a-quote\/\"><span class=\"fusion-button-text\">Empieza tu proyecto<\/span><\/a><\/div><div style=\"text-align:right;\"><a class=\"fusion-button button-flat button-xlarge button-custom fusion-button-default button-2 fusion-button-default-span fusion-button-default-type fusion-no-small-visibility fusion-no-medium-visibility\" style=\"--button_accent_color:var(--awb-color8);--button_border_color:var(--awb-color8);--button_accent_hover_color:var(--awb-color8);--button_border_hover_color:var(--awb-color8);--button_gradient_top_color:var(--awb-color4);--button_gradient_bottom_color:var(--awb-color4);--button_gradient_top_color_hover:var(--awb-color4);--button_gradient_bottom_color_hover:var(--awb-color4);\" target=\"_self\" href=\"https:\/\/genlyptus.com\/get-a-quote\/\"><span class=\"fusion-button-text\">CONTACTENOS<\/span><\/a><\/div><\/div><\/div><\/div><\/div>\n<\/p>\n","protected":false},"excerpt":{"rendered":"","protected":false},"author":1,"featured_media":0,"parent":0,"menu_order":0,"comment_status":"closed","ping_status":"closed","template":"100-width.php","meta":{"footnotes":""},"_links":{"self":[{"href":"https:\/\/genlyptus.com\/index.php\/wp-json\/wp\/v2\/pages\/16"}],"collection":[{"href":"https:\/\/genlyptus.com\/index.php\/wp-json\/wp\/v2\/pages"}],"about":[{"href":"https:\/\/genlyptus.com\/index.php\/wp-json\/wp\/v2\/types\/page"}],"author":[{"embeddable":true,"href":"https:\/\/genlyptus.com\/index.php\/wp-json\/wp\/v2\/users\/1"}],"replies":[{"embeddable":true,"href":"https:\/\/genlyptus.com\/index.php\/wp-json\/wp\/v2\/comments?post=16"}],"version-history":[{"count":2,"href":"https:\/\/genlyptus.com\/index.php\/wp-json\/wp\/v2\/pages\/16\/revisions"}],"predecessor-version":[{"id":1081,"href":"https:\/\/genlyptus.com\/index.php\/wp-json\/wp\/v2\/pages\/16\/revisions\/1081"}],"wp:attachment":[{"href":"https:\/\/genlyptus.com\/index.php\/wp-json\/wp\/v2\/media?parent=16"}],"curies":[{"name":"wp","href":"https:\/\/api.w.org\/{rel}","templated":true}]}}